{"id":1342,"date":"2016-01-12T17:37:10","date_gmt":"2016-01-12T16:37:10","guid":{"rendered":"http:\/\/case.mailander.it\/en\/aree\/crisis-management\/"},"modified":"2016-06-09T18:17:08","modified_gmt":"2016-06-09T16:17:08","slug":"crisis-management","status":"publish","type":"page","link":"https:\/\/case.mailander.it\/en\/areas\/crisis-management\/","title":{"rendered":"Crisis Management"},"content":{"rendered":"<p>[et_pb_section admin_label=&#8221;Sezione&#8221; global_module=&#8221;1670&#8243; fullwidth=&#8221;off&#8221; specialty=&#8221;off&#8221; transparent_background=&#8221;on&#8221; background_color=&#8221;#ffffff&#8221; allow_player_pause=&#8221;off&#8221; inner_shadow=&#8221;off&#8221; parallax=&#8221;off&#8221; parallax_method=&#8221;off&#8221; padding_mobile=&#8221;off&#8221; make_fullwidth=&#8221;off&#8221; use_custom_width=&#8221;off&#8221; width_unit=&#8221;on&#8221; make_equal=&#8221;off&#8221; use_custom_gutter=&#8221;off&#8221; module_class=&#8221;p_b_0&#8243;][et_pb_row global_parent=&#8221;1670&#8243; admin_label=&#8221;Riga&#8221; make_fullwidth=&#8221;off&#8221; use_custom_width=&#8221;off&#8221; width_unit=&#8221;on&#8221; use_custom_gutter=&#8221;off&#8221; padding_mobile=&#8221;off&#8221; module_class=&#8221;colored-border column-slider column-slider-noimage&#8221; allow_player_pause=&#8221;off&#8221; parallax=&#8221;off&#8221; parallax_method=&#8221;off&#8221; make_equal=&#8221;off&#8221; parallax_1=&#8221;off&#8221; parallax_method_1=&#8221;off&#8221; column_padding_mobile=&#8221;on&#8221; parallax_2=&#8221;off&#8221; parallax_method_2=&#8221;off&#8221;][et_pb_column type=&#8221;4_4&#8243;][et_pb_testimonial global_parent=&#8221;1670&#8243; admin_label=&#8221;Testimonial&#8221; author=&#8221;Paolo Basilico,&#8221; job_title=&#8221;Presidente e Amministratore Delegato Kairos&#8221; url_new_window=&#8221;off&#8221; quote_icon=&#8221;off&#8221; use_background_color=&#8221;off&#8221; background_color=&#8221;#f5f5f5&#8243; background_layout=&#8221;light&#8221; text_orientation=&#8221;left&#8221; portrait_width=&#8221;200&#8243; portrait_height=&#8221;200&#8243; use_border_color=&#8221;off&#8221; border_color=&#8221;#ffffff&#8221; border_style=&#8221;solid&#8221;]<\/p>\n<p>Avere avuto a fianco un partner dell\u2019agenzia Mailander in tutte le fasi nel nostro percorso ha costituito un supporto fondamentale per la crescita comunicazionale e di brand della societ\u00e0. Entrambi abbiamo condiviso il valore dell\u2019indipendenza: un asset indispensabile nel mondo del risparmio gestito.<\/p>\n<p>[\/et_pb_testimonial][et_pb_testimonial global_parent=&#8221;1670&#8243; admin_label=&#8221;Testimonial&#8221; author=&#8221;Silvio Angori, &#8221; job_title=&#8221;Amministratore Delegato Pininfarina&#8221; url_new_window=&#8221;off&#8221; quote_icon=&#8221;off&#8221; use_background_color=&#8221;off&#8221; background_color=&#8221;#f5f5f5&#8243; background_layout=&#8221;light&#8221; text_orientation=&#8221;left&#8221; portrait_width=&#8221;200&#8243; portrait_height=&#8221;200&#8243; use_border_color=&#8221;off&#8221; border_color=&#8221;#ffffff&#8221; border_style=&#8221;solid&#8221;]<\/p>\n<p>Passione e dedizione: valori fondanti che accomunano Pininfarina e Mailander. L\u2019agenzia\u00a0 ci \u00e8 stata accanto e ci ha sostenuto in maniera molto efficace nella gestione di una delicata metamorfosi che ha portato la Pininfarina ad un profondo e radicale riposizionamento di mercato.<\/p>\n<p>[\/et_pb_testimonial][et_pb_testimonial global_parent=&#8221;1670&#8243; admin_label=&#8221;Testimonial&#8221; author=&#8221;Paolo Fontana,&#8221; job_title=&#8221;Ceo Tenute Salvaterra (ex CEO gancia Spa)&#8221; url_new_window=&#8221;off&#8221; quote_icon=&#8221;off&#8221; use_background_color=&#8221;off&#8221; background_color=&#8221;#f5f5f5&#8243; background_layout=&#8221;light&#8221; text_orientation=&#8221;left&#8221; portrait_width=&#8221;200&#8243; portrait_height=&#8221;200&#8243; use_border_color=&#8221;off&#8221; border_color=&#8221;#ffffff&#8221; border_style=&#8221;solid&#8221;]<\/p>\n<p>Mailander \u00e8 ancora oggi, dopo 10 anni, un compagno di viaggio strategico con il quale si \u00e8 consolidato un rapporto fiduciario che ha decretato la chiave del successo dei nostri progetti. Professionalit\u00e0, seriet\u00e0, obiettivit\u00e0 e concretezza sono sicuramente le parole che possono meglio rappresentare Mailander.<\/p>\n<p>[\/et_pb_testimonial][et_pb_testimonial global_parent=&#8221;1670&#8243; admin_label=&#8221;Testimonial&#8221; author=&#8221;Angelo Pittro,&#8221; job_title=&#8221;EDT\/Lonely Planet Italia&#8221; url_new_window=&#8221;off&#8221; quote_icon=&#8221;off&#8221; use_background_color=&#8221;off&#8221; background_color=&#8221;#f5f5f5&#8243; background_layout=&#8221;light&#8221; text_orientation=&#8221;left&#8221; portrait_width=&#8221;200&#8243; portrait_height=&#8221;200&#8243; use_border_color=&#8221;off&#8221; border_color=&#8221;#ffffff&#8221; border_style=&#8221;solid&#8221;]<\/p>\n<p>Ho trovato in Mailander persone che hanno capito cosa occorre e sanno come spiegarlo ai diversi interlocutori. Il loro lavoro \u00e8 prezioso per tutti noi. Spero di incontrarli ancora, abbiamo tanta strada da fare insieme. Buon viaggio anche a voi.<\/p>\n<p>[\/et_pb_testimonial][et_pb_testimonial global_parent=&#8221;1670&#8243; admin_label=&#8221;Testimonial&#8221; author=&#8221;Franco Locatelli,&#8221; job_title=&#8221;Direttore di FIRSTonline.info&#8221; url_new_window=&#8221;off&#8221; quote_icon=&#8221;off&#8221; use_background_color=&#8221;off&#8221; background_color=&#8221;#f5f5f5&#8243; background_layout=&#8221;light&#8221; text_orientation=&#8221;left&#8221; portrait_width=&#8221;200&#8243; portrait_height=&#8221;200&#8243; use_border_color=&#8221;off&#8221; border_color=&#8221;#ffffff&#8221; border_style=&#8221;solid&#8221;]<\/p>\n<p>Ho conosciuto Carolina Mailander, e in seguito Monica e tutta l\u2019agenzia Mailander , alla fine del 1997, quando ero il responsabile delle gloriose pagine di Finanza e Mercati del Sole 24 Ore. Mi colp\u00ec subito lo stile Mailander, fatto di eleganza e gentilezza personale ma soprattutto di affidabilit\u00e0, correttezza ed efficienza professionale.<\/p>\n<p>[\/et_pb_testimonial][et_pb_testimonial global_parent=&#8221;1670&#8243; admin_label=&#8221;Testimonial&#8221; author=&#8221;Stefano Bellei,&#8221; job_title=&#8221;Segretario Generale Camera di Commercio, Industria, Artigianato e Agricoltura di Modena&#8221; url_new_window=&#8221;off&#8221; quote_icon=&#8221;off&#8221; use_background_color=&#8221;off&#8221; background_color=&#8221;#f5f5f5&#8243; background_layout=&#8221;light&#8221; text_orientation=&#8221;left&#8221; portrait_width=&#8221;200&#8243; portrait_height=&#8221;200&#8243; use_border_color=&#8221;off&#8221; border_color=&#8221;#ffffff&#8221; border_style=&#8221;solid&#8221;]<\/p>\n<p>La sensazione \u00e8 stata quella di essere compresi a pieno, di aver trovato gli interlocutori giusti, sempre presenti ma mai invadenti, capaci di accompagnare, di fare un pezzo di strada insieme.<\/p>\n<p>[\/et_pb_testimonial][et_pb_testimonial global_parent=&#8221;1670&#8243; admin_label=&#8221;Testimonial&#8221; author=&#8221;Pianigiani Gaia,&#8221; job_title=&#8221;New York Times&#8221; url_new_window=&#8221;off&#8221; quote_icon=&#8221;off&#8221; use_background_color=&#8221;off&#8221; background_color=&#8221;#f5f5f5&#8243; background_layout=&#8221;light&#8221; text_orientation=&#8221;left&#8221; portrait_width=&#8221;200&#8243; portrait_height=&#8221;200&#8243; use_border_color=&#8221;off&#8221; border_color=&#8221;#ffffff&#8221; border_style=&#8221;solid&#8221;]<\/p>\n<p>Con Mailander \u00e8 stata un&#8217;esperienza di facilitazione e semplificazione del mio lavoro. Il rapporto umano \u00e8 stato costruito e privilegiato, anche quando si \u00e8 finiti per non lavorare insieme.<\/p>\n<p>[\/et_pb_testimonial][et_pb_testimonial global_parent=&#8221;1670&#8243; admin_label=&#8221;Testimonial&#8221; author=&#8221;Silvio Angori,&#8221; job_title=&#8221;Amministratore Delegato Pininfarina &#8221; url_new_window=&#8221;off&#8221; quote_icon=&#8221;off&#8221; use_background_color=&#8221;off&#8221; background_color=&#8221;#f5f5f5&#8243; background_layout=&#8221;light&#8221; text_orientation=&#8221;left&#8221; portrait_width=&#8221;200&#8243; portrait_height=&#8221;200&#8243; use_border_color=&#8221;off&#8221; border_color=&#8221;#ffffff&#8221; border_style=&#8221;solid&#8221;]<\/p>\n<p>Nel corso degli anni abbiamo mantenuto ed accresciuto la reputazione del nostro marchio tramite la capacit\u00e0 di Mailander di \u2018raccontare\u2019 il valore della nostra azienda oltre i singoli episodi della nostra vita aziendale.<\/p>\n<p>[\/et_pb_testimonial][et_pb_testimonial global_parent=&#8221;1670&#8243; admin_label=&#8221;Testimonial&#8221; author=&#8221;Gianfranco Carbonato,&#8221; job_title=&#8221;Presidente e AD Prima Industrie SpA&#8221; url_new_window=&#8221;off&#8221; quote_icon=&#8221;off&#8221; use_background_color=&#8221;off&#8221; background_color=&#8221;#f5f5f5&#8243; background_layout=&#8221;light&#8221; text_orientation=&#8221;left&#8221; portrait_width=&#8221;200&#8243; portrait_height=&#8221;200&#8243; use_border_color=&#8221;off&#8221; border_color=&#8221;#ffffff&#8221; border_style=&#8221;solid&#8221;]<\/p>\n<p>Abbiamo trovato in Mailander un partner affidabile che ci ha permesso di condividere e rafforzare gli stessi valori: solidit\u00e0, credibilit\u00e0, competenza ed etica professionale.<\/p>\n<p>[\/et_pb_testimonial][et_pb_testimonial global_parent=&#8221;1670&#8243; admin_label=&#8221;Testimonial&#8221; author=&#8221;Angelo Pittro,&#8221; job_title=&#8221;EDT\/Lonely Planet Italia&#8221; url_new_window=&#8221;off&#8221; quote_icon=&#8221;off&#8221; use_background_color=&#8221;off&#8221; background_color=&#8221;#f5f5f5&#8243; background_layout=&#8221;light&#8221; text_orientation=&#8221;left&#8221; portrait_width=&#8221;200&#8243; portrait_height=&#8221;200&#8243; use_border_color=&#8221;off&#8221; border_color=&#8221;#ffffff&#8221; border_style=&#8221;solid&#8221;]<\/p>\n<p>Nel corso dei miei 15 anni trascorsi nel mondo stravagante del turismo poche volte ho avuto la sensazione di avere di fronte persone che avessero compreso le specifiche esigenze di realt\u00e0 legate alla promozione, al racconto del territorio trasformando la promozione in una strategia di marketing moderna, articolata e infine vincente.<\/p>\n<p>[\/et_pb_testimonial][et_pb_testimonial global_parent=&#8221;1670&#8243; admin_label=&#8221;Testimonial&#8221; author=&#8221;Franco Locatelli,&#8221; job_title=&#8221;Direttore di FIRSTonline.info&#8221; url_new_window=&#8221;off&#8221; quote_icon=&#8221;off&#8221; use_background_color=&#8221;off&#8221; background_color=&#8221;#f5f5f5&#8243; background_layout=&#8221;light&#8221; text_orientation=&#8221;left&#8221; portrait_width=&#8221;200&#8243; portrait_height=&#8221;200&#8243; use_border_color=&#8221;off&#8221; border_color=&#8221;#ffffff&#8221; border_style=&#8221;solid&#8221;]<\/p>\n<p>Durante gli oltre vent\u2019anni di collaborazione con Mailander ho fondato insieme ad Ernesto Auci il sito indipendente di economia e finanza FIRSTonline, che tuttora dirigo. L\u2019affidabilit\u00e0 ma anche l\u2019originalit\u00e0 dei contenuti e dei linguaggi \u00e8 ci\u00f2 che pi\u00f9 unisce le nostre due esperienze e ci\u00f2 che mi fa apprezzare Mailander.<\/p>\n<p>[\/et_pb_testimonial][\/et_pb_column][\/et_pb_row][\/et_pb_section][et_pb_section admin_label=&#8221;section&#8221;][et_pb_row admin_label=&#8221;Riga&#8221;][et_pb_column type=&#8221;4_4&#8243;][et_pb_text admin_label=&#8221;Testo&#8221; background_layout=&#8221;light&#8221; text_orientation=&#8221;left&#8221; use_border_color=&#8221;off&#8221; border_color=&#8221;#ffffff&#8221; border_style=&#8221;solid&#8221;]<\/p>\n<h1><strong>Crisis Management.<\/strong><\/h1>\n<p>When an organisation is under assault, Mailander\u2019s crisis management not only helps it to defend itself, but can even improve its image.<br \/>\nWhether it\u2019s a business reorganisation, financial restructuring, environmental accident, product recall or investigation into management, Mailander has the tools and expertise to support the formulation of an effective strategy to tackle and manage the emergency.<\/p>\n<p>&nbsp;<\/p>\n<h2>Risk analysis<\/h2>\n<ul>\n<li>Identification of vulnerabilities, risks and probability of impact.<\/li>\n<li>Creation of a crisis protocol: procedures, systems, materials and tools.<\/li>\n<li>Media training and Training and simulation.<\/li>\n<\/ul>\n<p>&nbsp;<\/p>\n<h2>Crisis management<\/h2>\n<ul>\n<li>Activation of crisis committee and procedures.<\/li>\n<li>Creation of content (with management and legal department).<\/li>\n<li>Operational management.<\/li>\n<li>Crisis room and backup management.<\/li>\n<li>Post crisis: reputation reconstruction, tools for the future and business continuity plans.<\/li>\n<\/ul>\n<p>&nbsp;<\/p>\n<p>[\/et_pb_text][\/et_pb_column][\/et_pb_row][\/et_pb_section]<\/p>\n","protected":false},"excerpt":{"rendered":"<p>[et_pb_section admin_label=&#8221;Sezione&#8221; global_module=&#8221;1670&#8243; fullwidth=&#8221;off&#8221; specialty=&#8221;off&#8221; transparent_background=&#8221;on&#8221; background_color=&#8221;#ffffff&#8221; allow_player_pause=&#8221;off&#8221; inner_shadow=&#8221;off&#8221; parallax=&#8221;off&#8221; parallax_method=&#8221;off&#8221; padding_mobile=&#8221;off&#8221; make_fullwidth=&#8221;off&#8221; use_custom_width=&#8221;off&#8221; width_unit=&#8221;on&#8221; make_equal=&#8221;off&#8221; use_custom_gutter=&#8221;off&#8221; module_class=&#8221;p_b_0&#8243;][et_pb_row global_parent=&#8221;1670&#8243; admin_label=&#8221;Riga&#8221; make_fullwidth=&#8221;off&#8221; use_custom_width=&#8221;off&#8221; width_unit=&#8221;on&#8221; use_custom_gutter=&#8221;off&#8221; padding_mobile=&#8221;off&#8221; module_class=&#8221;colored-border column-slider column-slider-noimage&#8221; allow_player_pause=&#8221;off&#8221; parallax=&#8221;off&#8221; parallax_method=&#8221;off&#8221; make_equal=&#8221;off&#8221; parallax_1=&#8221;off&#8221; parallax_method_1=&#8221;off&#8221; column_padding_mobile=&#8221;on&#8221; parallax_2=&#8221;off&#8221; parallax_method_2=&#8221;off&#8221;][et_pb_column type=&#8221;4_4&#8243;][et_pb_testimonial global_parent=&#8221;1670&#8243; admin_label=&#8221;Testimonial&#8221; author=&#8221;Paolo Basilico,&#8221; job_title=&#8221;Presidente e Amministratore Delegato Kairos&#8221; url_new_window=&#8221;off&#8221; quote_icon=&#8221;off&#8221; use_background_color=&#8221;off&#8221; background_color=&#8221;#f5f5f5&#8243; background_layout=&#8221;light&#8221; text_orientation=&#8221;left&#8221; portrait_width=&#8221;200&#8243; portrait_height=&#8221;200&#8243; [&hellip;]<\/p>\n","protected":false},"author":1,"featured_media":0,"parent":1336,"menu_order":0,"comment_status":"closed","ping_status":"closed","template":"","meta":{"_et_pb_use_builder":"on","_et_pb_old_content":""},"yoast_head":"<!-- This site is optimized with the Yoast SEO plugin v18.4.1 - https:\/\/yoast.com\/wordpress\/plugins\/seo\/ -->\n<title>Crisis Management - Mailander<\/title>\n<meta name=\"description\" content=\"Le strategie di Gestione della Crisi operate da Mailander consentono ai Clienti di difendere l&#039;immagine aziendale e di affrontare e gestire l&#039;emergenza.\" \/>\n<meta name=\"robots\" content=\"noindex, follow, max-snippet:-1, max-image-preview:large, max-video-preview:-1\" \/>\n<meta property=\"og:locale\" content=\"en_US\" \/>\n<meta property=\"og:type\" content=\"article\" \/>\n<meta property=\"og:title\" content=\"Crisis Management - Mailander\" \/>\n<meta property=\"og:description\" content=\"Le strategie di Gestione della Crisi operate da Mailander consentono ai Clienti di difendere l&#039;immagine aziendale e di affrontare e gestire l&#039;emergenza.\" \/>\n<meta property=\"og:url\" content=\"https:\/\/case.mailander.it\/en\/areas\/crisis-management\/\" \/>\n<meta property=\"og:site_name\" content=\"Mailander\" \/>\n<meta property=\"article:modified_time\" content=\"2016-06-09T16:17:08+00:00\" \/>\n<meta name=\"twitter:card\" content=\"summary\" \/>\n<meta name=\"twitter:label1\" content=\"Est. reading time\" \/>\n\t<meta name=\"twitter:data1\" content=\"7 minutes\" \/>\n<script type=\"application\/ld+json\" class=\"yoast-schema-graph\">{\"@context\":\"https:\/\/schema.org\",\"@graph\":[{\"@type\":\"WebSite\",\"@id\":\"https:\/\/case.mailander.it\/#website\",\"url\":\"https:\/\/case.mailander.it\/\",\"name\":\"Mailander\",\"description\":\"Shaping Communication\",\"potentialAction\":[{\"@type\":\"SearchAction\",\"target\":{\"@type\":\"EntryPoint\",\"urlTemplate\":\"https:\/\/case.mailander.it\/?s={search_term_string}\"},\"query-input\":\"required name=search_term_string\"}],\"inLanguage\":\"en-US\"},{\"@type\":\"WebPage\",\"@id\":\"https:\/\/case.mailander.it\/en\/areas\/crisis-management\/#webpage\",\"url\":\"https:\/\/case.mailander.it\/en\/areas\/crisis-management\/\",\"name\":\"Crisis Management - Mailander\",\"isPartOf\":{\"@id\":\"https:\/\/case.mailander.it\/#website\"},\"datePublished\":\"2016-01-12T16:37:10+00:00\",\"dateModified\":\"2016-06-09T16:17:08+00:00\",\"description\":\"Le strategie di Gestione della Crisi operate da Mailander consentono ai Clienti di difendere l'immagine aziendale e di affrontare e gestire l'emergenza.\",\"breadcrumb\":{\"@id\":\"https:\/\/case.mailander.it\/en\/areas\/crisis-management\/#breadcrumb\"},\"inLanguage\":\"en-US\",\"potentialAction\":[{\"@type\":\"ReadAction\",\"target\":[\"https:\/\/case.mailander.it\/en\/areas\/crisis-management\/\"]}]},{\"@type\":\"BreadcrumbList\",\"@id\":\"https:\/\/case.mailander.it\/en\/areas\/crisis-management\/#breadcrumb\",\"itemListElement\":[{\"@type\":\"ListItem\",\"position\":1,\"name\":\"Home\",\"item\":\"https:\/\/case.mailander.it\/en\/\"},{\"@type\":\"ListItem\",\"position\":2,\"name\":\"Aree\",\"item\":\"https:\/\/case.mailander.it\/en\/areas\/\"},{\"@type\":\"ListItem\",\"position\":3,\"name\":\"Crisis Management\"}]}]}<\/script>\n<!-- \/ Yoast SEO plugin. -->","yoast_head_json":{"title":"Crisis Management - Mailander","description":"Le strategie di Gestione della Crisi operate da Mailander consentono ai Clienti di difendere l'immagine aziendale e di affrontare e gestire l'emergenza.","robots":{"index":"noindex","follow":"follow","max-snippet":"max-snippet:-1","max-image-preview":"max-image-preview:large","max-video-preview":"max-video-preview:-1"},"og_locale":"en_US","og_type":"article","og_title":"Crisis Management - Mailander","og_description":"Le strategie di Gestione della Crisi operate da Mailander consentono ai Clienti di difendere l'immagine aziendale e di affrontare e gestire l'emergenza.","og_url":"https:\/\/case.mailander.it\/en\/areas\/crisis-management\/","og_site_name":"Mailander","article_modified_time":"2016-06-09T16:17:08+00:00","twitter_card":"summary","twitter_misc":{"Est. reading time":"7 minutes"},"schema":{"@context":"https:\/\/schema.org","@graph":[{"@type":"WebSite","@id":"https:\/\/case.mailander.it\/#website","url":"https:\/\/case.mailander.it\/","name":"Mailander","description":"Shaping Communication","potentialAction":[{"@type":"SearchAction","target":{"@type":"EntryPoint","urlTemplate":"https:\/\/case.mailander.it\/?s={search_term_string}"},"query-input":"required name=search_term_string"}],"inLanguage":"en-US"},{"@type":"WebPage","@id":"https:\/\/case.mailander.it\/en\/areas\/crisis-management\/#webpage","url":"https:\/\/case.mailander.it\/en\/areas\/crisis-management\/","name":"Crisis Management - Mailander","isPartOf":{"@id":"https:\/\/case.mailander.it\/#website"},"datePublished":"2016-01-12T16:37:10+00:00","dateModified":"2016-06-09T16:17:08+00:00","description":"Le strategie di Gestione della Crisi operate da Mailander consentono ai Clienti di difendere l'immagine aziendale e di affrontare e gestire l'emergenza.","breadcrumb":{"@id":"https:\/\/case.mailander.it\/en\/areas\/crisis-management\/#breadcrumb"},"inLanguage":"en-US","potentialAction":[{"@type":"ReadAction","target":["https:\/\/case.mailander.it\/en\/areas\/crisis-management\/"]}]},{"@type":"BreadcrumbList","@id":"https:\/\/case.mailander.it\/en\/areas\/crisis-management\/#breadcrumb","itemListElement":[{"@type":"ListItem","position":1,"name":"Home","item":"https:\/\/case.mailander.it\/en\/"},{"@type":"ListItem","position":2,"name":"Aree","item":"https:\/\/case.mailander.it\/en\/areas\/"},{"@type":"ListItem","position":3,"name":"Crisis Management"}]}]}},"_links":{"self":[{"href":"https:\/\/case.mailander.it\/en\/wp-json\/wp\/v2\/pages\/1342"}],"collection":[{"href":"https:\/\/case.mailander.it\/en\/wp-json\/wp\/v2\/pages"}],"about":[{"href":"https:\/\/case.mailander.it\/en\/wp-json\/wp\/v2\/types\/page"}],"author":[{"embeddable":true,"href":"https:\/\/case.mailander.it\/en\/wp-json\/wp\/v2\/users\/1"}],"replies":[{"embeddable":true,"href":"https:\/\/case.mailander.it\/en\/wp-json\/wp\/v2\/comments?post=1342"}],"version-history":[{"count":4,"href":"https:\/\/case.mailander.it\/en\/wp-json\/wp\/v2\/pages\/1342\/revisions"}],"predecessor-version":[{"id":1675,"href":"https:\/\/case.mailander.it\/en\/wp-json\/wp\/v2\/pages\/1342\/revisions\/1675"}],"up":[{"embeddable":true,"href":"https:\/\/case.mailander.it\/en\/wp-json\/wp\/v2\/pages\/1336"}],"wp:attachment":[{"href":"https:\/\/case.mailander.it\/en\/wp-json\/wp\/v2\/media?parent=1342"}],"curies":[{"name":"wp","href":"https:\/\/api.w.org\/{rel}","templated":true}]}}