{"id":2545,"date":"2017-05-30T09:48:12","date_gmt":"2017-05-30T07:48:12","guid":{"rendered":"http:\/\/case.mailander.it\/?page_id=2545\/"},"modified":"2017-05-30T09:58:19","modified_gmt":"2017-05-30T07:58:19","slug":"content-providing","status":"publish","type":"page","link":"https:\/\/case.mailander.it\/en\/crossmedia\/content-providing\/","title":{"rendered":"Content Providing"},"content":{"rendered":"<p>[et_pb_section admin_label=&#8221;Sezione&#8221; fullwidth=&#8221;off&#8221; specialty=&#8221;off&#8221; transparent_background=&#8221;on&#8221; background_color=&#8221;#ffffff&#8221; allow_player_pause=&#8221;off&#8221; inner_shadow=&#8221;off&#8221; parallax=&#8221;off&#8221; parallax_method=&#8221;off&#8221; padding_mobile=&#8221;off&#8221; make_fullwidth=&#8221;off&#8221; use_custom_width=&#8221;off&#8221; width_unit=&#8221;on&#8221; make_equal=&#8221;off&#8221; use_custom_gutter=&#8221;off&#8221; module_class=&#8221;p_b_0&#8243;][et_pb_row admin_label=&#8221;Riga&#8221; make_fullwidth=&#8221;off&#8221; use_custom_width=&#8221;off&#8221; width_unit=&#8221;on&#8221; use_custom_gutter=&#8221;off&#8221; padding_mobile=&#8221;off&#8221; module_class=&#8221;colored-border column-slider column-slider-noimage&#8221; allow_player_pause=&#8221;off&#8221; parallax=&#8221;off&#8221; parallax_method=&#8221;off&#8221; make_equal=&#8221;off&#8221; parallax_1=&#8221;off&#8221; parallax_method_1=&#8221;off&#8221; column_padding_mobile=&#8221;on&#8221; parallax_2=&#8221;off&#8221; parallax_method_2=&#8221;off&#8221;][et_pb_column type=&#8221;4_4&#8243;][et_pb_testimonial admin_label=&#8221;Testimonial&#8221; author=&#8221;Paolo Basilico,&#8221; job_title=&#8221;Presidente e Amministratore Delegato Kairos&#8221; url_new_window=&#8221;off&#8221; quote_icon=&#8221;off&#8221; use_background_color=&#8221;off&#8221; background_color=&#8221;#f5f5f5&#8243; background_layout=&#8221;light&#8221; text_orientation=&#8221;left&#8221; portrait_width=&#8221;200&#8243; portrait_height=&#8221;200&#8243; use_border_color=&#8221;off&#8221; border_color=&#8221;#ffffff&#8221; border_style=&#8221;solid&#8221;]<\/p>\n<p>Avere avuto a fianco un partner dell\u2019agenzia Mailander in tutte le fasi nel nostro percorso ha costituito un supporto fondamentale per la crescita comunicazionale e di brand della societ\u00e0. Entrambi abbiamo condiviso il valore dell\u2019indipendenza: un asset indispensabile nel mondo del risparmio gestito.<\/p>\n<p>[\/et_pb_testimonial][et_pb_testimonial admin_label=&#8221;Testimonial&#8221; author=&#8221;Silvio Angori, &#8221; job_title=&#8221;Amministratore Delegato Pininfarina&#8221; url_new_window=&#8221;off&#8221; quote_icon=&#8221;off&#8221; use_background_color=&#8221;off&#8221; background_color=&#8221;#f5f5f5&#8243; background_layout=&#8221;light&#8221; text_orientation=&#8221;left&#8221; portrait_width=&#8221;200&#8243; portrait_height=&#8221;200&#8243; use_border_color=&#8221;off&#8221; border_color=&#8221;#ffffff&#8221; border_style=&#8221;solid&#8221;]<\/p>\n<p>Passione e dedizione: valori fondanti che accomunano Pininfarina e Mailander. L\u2019agenzia\u00a0 ci \u00e8 stata accanto e ci ha sostenuto in maniera molto efficace nella gestione di una delicata metamorfosi che ha portato la Pininfarina ad un profondo e radicale riposizionamento di mercato.<\/p>\n<p>[\/et_pb_testimonial][et_pb_testimonial admin_label=&#8221;Testimonial&#8221; author=&#8221;Paolo Fontana,&#8221; job_title=&#8221;Ceo Tenute Salvaterra (ex CEO gancia Spa)&#8221; url_new_window=&#8221;off&#8221; quote_icon=&#8221;off&#8221; use_background_color=&#8221;off&#8221; background_color=&#8221;#f5f5f5&#8243; background_layout=&#8221;light&#8221; text_orientation=&#8221;left&#8221; portrait_width=&#8221;200&#8243; portrait_height=&#8221;200&#8243; use_border_color=&#8221;off&#8221; border_color=&#8221;#ffffff&#8221; border_style=&#8221;solid&#8221;]<\/p>\n<p>Mailander \u00e8 ancora oggi, dopo 10 anni, un compagno di viaggio strategico con il quale si \u00e8 consolidato un rapporto fiduciario che ha decretato la chiave del successo dei nostri progetti. Professionalit\u00e0, seriet\u00e0, obiettivit\u00e0 e concretezza sono sicuramente le parole che possono meglio rappresentare Mailander.<\/p>\n<p>[\/et_pb_testimonial][et_pb_testimonial admin_label=&#8221;Testimonial&#8221; author=&#8221;Angelo Pittro,&#8221; job_title=&#8221;EDT\/Lonely Planet Italia&#8221; url_new_window=&#8221;off&#8221; quote_icon=&#8221;off&#8221; use_background_color=&#8221;off&#8221; background_color=&#8221;#f5f5f5&#8243; background_layout=&#8221;light&#8221; text_orientation=&#8221;left&#8221; portrait_width=&#8221;200&#8243; portrait_height=&#8221;200&#8243; use_border_color=&#8221;off&#8221; border_color=&#8221;#ffffff&#8221; border_style=&#8221;solid&#8221;]<\/p>\n<p>Ho trovato in Mailander persone che hanno capito cosa occorre e sanno come spiegarlo ai diversi interlocutori. Il loro lavoro \u00e8 prezioso per tutti noi. Spero di incontrarli ancora, abbiamo tanta strada da fare insieme. Buon viaggio anche a voi.<\/p>\n<p>[\/et_pb_testimonial][et_pb_testimonial admin_label=&#8221;Testimonial&#8221; author=&#8221;Franco Locatelli,&#8221; job_title=&#8221;Direttore di FIRSTonline.info&#8221; url_new_window=&#8221;off&#8221; quote_icon=&#8221;off&#8221; use_background_color=&#8221;off&#8221; background_color=&#8221;#f5f5f5&#8243; background_layout=&#8221;light&#8221; text_orientation=&#8221;left&#8221; portrait_width=&#8221;200&#8243; portrait_height=&#8221;200&#8243; use_border_color=&#8221;off&#8221; border_color=&#8221;#ffffff&#8221; border_style=&#8221;solid&#8221;]<\/p>\n<p>Ho conosciuto Carolina Mailander, e in seguito Monica e tutta l\u2019agenzia Mailander , alla fine del 1997, quando ero il responsabile delle gloriose pagine di Finanza e Mercati del Sole 24 Ore. Mi colp\u00ec subito lo stile Mailander, fatto di eleganza e gentilezza personale ma soprattutto di affidabilit\u00e0, correttezza ed efficienza professionale.<\/p>\n<p>[\/et_pb_testimonial][et_pb_testimonial admin_label=&#8221;Testimonial&#8221; author=&#8221;Stefano Bellei,&#8221; job_title=&#8221;Segretario Generale Camera di Commercio, Industria, Artigianato e Agricoltura di Modena&#8221; url_new_window=&#8221;off&#8221; quote_icon=&#8221;off&#8221; use_background_color=&#8221;off&#8221; background_color=&#8221;#f5f5f5&#8243; background_layout=&#8221;light&#8221; text_orientation=&#8221;left&#8221; portrait_width=&#8221;200&#8243; portrait_height=&#8221;200&#8243; use_border_color=&#8221;off&#8221; border_color=&#8221;#ffffff&#8221; border_style=&#8221;solid&#8221;]<\/p>\n<p>La sensazione \u00e8 stata quella di essere compresi a pieno, di aver trovato gli interlocutori giusti, sempre presenti ma mai invadenti, capaci di accompagnare, di fare un pezzo di strada insieme.<\/p>\n<p>[\/et_pb_testimonial][et_pb_testimonial admin_label=&#8221;Testimonial&#8221; author=&#8221;Pianigiani Gaia,&#8221; job_title=&#8221;New York Times&#8221; url_new_window=&#8221;off&#8221; quote_icon=&#8221;off&#8221; use_background_color=&#8221;off&#8221; background_color=&#8221;#f5f5f5&#8243; background_layout=&#8221;light&#8221; text_orientation=&#8221;left&#8221; portrait_width=&#8221;200&#8243; portrait_height=&#8221;200&#8243; use_border_color=&#8221;off&#8221; border_color=&#8221;#ffffff&#8221; border_style=&#8221;solid&#8221;]<\/p>\n<p>Con Mailander \u00e8 stata un&#8217;esperienza di facilitazione e semplificazione del mio lavoro. Il rapporto umano \u00e8 stato costruito e privilegiato, anche quando si \u00e8 finiti per non lavorare insieme.<\/p>\n<p>[\/et_pb_testimonial][et_pb_testimonial admin_label=&#8221;Testimonial&#8221; author=&#8221;Silvio Angori,&#8221; job_title=&#8221;Amministratore Delegato Pininfarina &#8221; url_new_window=&#8221;off&#8221; quote_icon=&#8221;off&#8221; use_background_color=&#8221;off&#8221; background_color=&#8221;#f5f5f5&#8243; background_layout=&#8221;light&#8221; text_orientation=&#8221;left&#8221; portrait_width=&#8221;200&#8243; portrait_height=&#8221;200&#8243; use_border_color=&#8221;off&#8221; border_color=&#8221;#ffffff&#8221; border_style=&#8221;solid&#8221;]<\/p>\n<p>Nel corso degli anni abbiamo mantenuto ed accresciuto la reputazione del nostro marchio tramite la capacit\u00e0 di Mailander di \u2018raccontare\u2019 il valore della nostra azienda oltre i singoli episodi della nostra vita aziendale.<\/p>\n<p>[\/et_pb_testimonial][et_pb_testimonial admin_label=&#8221;Testimonial&#8221; author=&#8221;Gianfranco Carbonato,&#8221; job_title=&#8221;Presidente e AD Prima Industrie SpA&#8221; url_new_window=&#8221;off&#8221; quote_icon=&#8221;off&#8221; use_background_color=&#8221;off&#8221; background_color=&#8221;#f5f5f5&#8243; background_layout=&#8221;light&#8221; text_orientation=&#8221;left&#8221; portrait_width=&#8221;200&#8243; portrait_height=&#8221;200&#8243; use_border_color=&#8221;off&#8221; border_color=&#8221;#ffffff&#8221; border_style=&#8221;solid&#8221;]<\/p>\n<p>Abbiamo trovato in Mailander un partner affidabile che ci ha permesso di condividere e rafforzare gli stessi valori: solidit\u00e0, credibilit\u00e0, competenza ed etica professionale.<\/p>\n<p>[\/et_pb_testimonial][et_pb_testimonial admin_label=&#8221;Testimonial&#8221; author=&#8221;Angelo Pittro,&#8221; job_title=&#8221;EDT\/Lonely Planet Italia&#8221; url_new_window=&#8221;off&#8221; quote_icon=&#8221;off&#8221; use_background_color=&#8221;off&#8221; background_color=&#8221;#f5f5f5&#8243; background_layout=&#8221;light&#8221; text_orientation=&#8221;left&#8221; portrait_width=&#8221;200&#8243; portrait_height=&#8221;200&#8243; use_border_color=&#8221;off&#8221; border_color=&#8221;#ffffff&#8221; border_style=&#8221;solid&#8221;]<\/p>\n<p>Nel corso dei miei 15 anni trascorsi nel mondo stravagante del turismo poche volte ho avuto la sensazione di avere di fronte persone che avessero compreso le specifiche esigenze di realt\u00e0 legate alla promozione, al racconto del territorio trasformando la promozione in una strategia di marketing moderna, articolata e infine vincente.<\/p>\n<p>[\/et_pb_testimonial][et_pb_testimonial admin_label=&#8221;Testimonial&#8221; author=&#8221;Franco Locatelli,&#8221; job_title=&#8221;Direttore di FIRSTonline.info&#8221; url_new_window=&#8221;off&#8221; quote_icon=&#8221;off&#8221; use_background_color=&#8221;off&#8221; background_color=&#8221;#f5f5f5&#8243; background_layout=&#8221;light&#8221; text_orientation=&#8221;left&#8221; portrait_width=&#8221;200&#8243; portrait_height=&#8221;200&#8243; use_border_color=&#8221;off&#8221; border_color=&#8221;#ffffff&#8221; border_style=&#8221;solid&#8221;]<\/p>\n<p>Durante gli oltre vent\u2019anni di collaborazione con Mailander ho fondato insieme ad Ernesto Auci il sito indipendente di economia e finanza FIRSTonline, che tuttora dirigo. L\u2019affidabilit\u00e0 ma anche l\u2019originalit\u00e0 dei contenuti e dei linguaggi \u00e8 ci\u00f2 che pi\u00f9 unisce le nostre due esperienze e ci\u00f2 che mi fa apprezzare Mailander.<\/p>\n<p>[\/et_pb_testimonial][\/et_pb_column][\/et_pb_row][\/et_pb_section][et_pb_section admin_label=&#8221;section&#8221; transparent_background=&#8221;off&#8221; allow_player_pause=&#8221;off&#8221; inner_shadow=&#8221;off&#8221; parallax=&#8221;off&#8221; parallax_method=&#8221;off&#8221; padding_mobile=&#8221;off&#8221; make_fullwidth=&#8221;off&#8221; use_custom_width=&#8221;off&#8221; width_unit=&#8221;on&#8221; make_equal=&#8221;off&#8221; use_custom_gutter=&#8221;off&#8221; gutter_width=&#8221;3&#8243;][et_pb_row admin_label=&#8221;Riga&#8221; make_fullwidth=&#8221;off&#8221; use_custom_width=&#8221;off&#8221; width_unit=&#8221;on&#8221; use_custom_gutter=&#8221;off&#8221; gutter_width=&#8221;3&#8243; padding_mobile=&#8221;off&#8221; module_class=&#8221;white-border&#8221; allow_player_pause=&#8221;off&#8221; parallax=&#8221;off&#8221; parallax_method=&#8221;off&#8221; make_equal=&#8221;off&#8221; parallax_1=&#8221;off&#8221; parallax_method_1=&#8221;off&#8221; column_padding_mobile=&#8221;on&#8221;][et_pb_column type=&#8221;4_4&#8243;][et_pb_text admin_label=&#8221;relation&#8221; background_layout=&#8221;light&#8221; text_orientation=&#8221;left&#8221; use_border_color=&#8221;off&#8221; border_color=&#8221;#ffffff&#8221; border_style=&#8221;solid&#8221;]<\/p>\n<h1><strong>Content Providing.<\/strong><\/h1>\n<p>In a world overloaded with informations the value of communication lies within quality contents.<br \/>\nMailander creates strategies, positioning plans and rebranding of its clients through distinctive contents thanks to storytelling, creativity, graphic design and videomaking<\/p>\n<p>[\/et_pb_text][et_pb_text admin_label=&#8221;relation&#8221; background_layout=&#8221;light&#8221; text_orientation=&#8221;left&#8221; use_border_color=&#8221;off&#8221; border_color=&#8221;#ffffff&#8221; border_style=&#8221;solid&#8221; disabled=&#8221;off&#8221; disabled_on=&#8221;off||&#8221;]<\/p>\n<h2>We can count on<\/h2>\n<ul>\n<li>Creatives.<\/li>\n<li>Storytellers.<\/li>\n<li>Copywriters.<\/li>\n<li>Videomakers.<\/li>\n<li>Social media managers.<\/li>\n<li>Writers.<\/li>\n<li>Journalists.<\/li>\n<li>Developers.<\/li>\n<li>Graphic Designers.<\/li>\n<li>Copy Editors.<\/li>\n<\/ul>\n<p>[\/et_pb_text][et_pb_text admin_label=&#8221;relation&#8221; background_layout=&#8221;light&#8221; text_orientation=&#8221;left&#8221; use_border_color=&#8221;off&#8221; border_color=&#8221;#ffffff&#8221; border_style=&#8221;solid&#8221;]<\/p>\n<h2>Our tools<\/h2>\n<ul>\n<li>Analysis and benchmark.<\/li>\n<li>Scouting of new technologies.<\/li>\n<li>Visual.<\/li>\n<li>Video.<\/li>\n<li>Press Release.<\/li>\n<li>Social media.<\/li>\n<li>DEM and newsletter.<\/li>\n<li>Creation of contents for sites.<\/li>\n<\/ul>\n<p>[\/et_pb_text][\/et_pb_column][\/et_pb_row][et_pb_row admin_label=&#8221;Riga&#8221; make_fullwidth=&#8221;off&#8221; use_custom_width=&#8221;off&#8221; width_unit=&#8221;on&#8221; use_custom_gutter=&#8221;off&#8221; padding_mobile=&#8221;off&#8221; module_class=&#8221;portfolio-slider-container order-main-tag main-tag-rp-e-media-relation&#8221; allow_player_pause=&#8221;off&#8221; parallax=&#8221;off&#8221; parallax_method=&#8221;off&#8221; make_equal=&#8221;off&#8221; parallax_1=&#8221;off&#8221; parallax_method_1=&#8221;off&#8221; column_padding_mobile=&#8221;on&#8221;][et_pb_column type=&#8221;4_4&#8243;][et_pb_portfolio admin_label=&#8221;Portfolio&#8221; fullwidth=&#8221;off&#8221; posts_number=&#8221;0&#8243; show_title=&#8221;on&#8221; show_categories=&#8221;on&#8221; show_pagination=&#8221;off&#8221; background_layout=&#8221;light&#8221; hover_overlay_color=&#8221;rgba(255,255,255,0.9)&#8221; use_border_color=&#8221;off&#8221; border_color=&#8221;#ffffff&#8221; border_style=&#8221;solid&#8221; include_categories=&#8221;46,45,47,39,42,43,51,38,44,41,40&#8243;]<\/p>\n<p>[\/et_pb_portfolio][\/et_pb_column][\/et_pb_row][\/et_pb_section]<\/p>\n","protected":false},"excerpt":{"rendered":"<p>[et_pb_section admin_label=&#8221;Sezione&#8221; fullwidth=&#8221;off&#8221; specialty=&#8221;off&#8221; transparent_background=&#8221;on&#8221; background_color=&#8221;#ffffff&#8221; allow_player_pause=&#8221;off&#8221; inner_shadow=&#8221;off&#8221; parallax=&#8221;off&#8221; parallax_method=&#8221;off&#8221; padding_mobile=&#8221;off&#8221; make_fullwidth=&#8221;off&#8221; use_custom_width=&#8221;off&#8221; width_unit=&#8221;on&#8221; make_equal=&#8221;off&#8221; use_custom_gutter=&#8221;off&#8221; module_class=&#8221;p_b_0&#8243;][et_pb_row admin_label=&#8221;Riga&#8221; make_fullwidth=&#8221;off&#8221; use_custom_width=&#8221;off&#8221; width_unit=&#8221;on&#8221; use_custom_gutter=&#8221;off&#8221; padding_mobile=&#8221;off&#8221; module_class=&#8221;colored-border column-slider column-slider-noimage&#8221; allow_player_pause=&#8221;off&#8221; parallax=&#8221;off&#8221; parallax_method=&#8221;off&#8221; make_equal=&#8221;off&#8221; parallax_1=&#8221;off&#8221; parallax_method_1=&#8221;off&#8221; column_padding_mobile=&#8221;on&#8221; parallax_2=&#8221;off&#8221; parallax_method_2=&#8221;off&#8221;][et_pb_column type=&#8221;4_4&#8243;][et_pb_testimonial admin_label=&#8221;Testimonial&#8221; author=&#8221;Paolo Basilico,&#8221; job_title=&#8221;Presidente e Amministratore Delegato Kairos&#8221; url_new_window=&#8221;off&#8221; quote_icon=&#8221;off&#8221; use_background_color=&#8221;off&#8221; background_color=&#8221;#f5f5f5&#8243; background_layout=&#8221;light&#8221; text_orientation=&#8221;left&#8221; portrait_width=&#8221;200&#8243; portrait_height=&#8221;200&#8243; use_border_color=&#8221;off&#8221; border_color=&#8221;#ffffff&#8221; border_style=&#8221;solid&#8221;] [&hellip;]<\/p>\n","protected":false},"author":4,"featured_media":0,"parent":1397,"menu_order":0,"comment_status":"closed","ping_status":"closed","template":"","meta":{"_et_pb_use_builder":"on","_et_pb_old_content":""},"yoast_head":"<!-- This site is optimized with the Yoast SEO plugin v18.4.1 - https:\/\/yoast.com\/wordpress\/plugins\/seo\/ -->\n<title>Content Providing - Mailander<\/title>\n<meta name=\"robots\" content=\"noindex, follow, max-snippet:-1, max-image-preview:large, max-video-preview:-1\" \/>\n<meta property=\"og:locale\" content=\"en_US\" \/>\n<meta property=\"og:type\" content=\"article\" \/>\n<meta property=\"og:title\" content=\"Content Providing - Mailander\" \/>\n<meta property=\"og:description\" content=\"[et_pb_section admin_label=&#8221;Sezione&#8221; fullwidth=&#8221;off&#8221; specialty=&#8221;off&#8221; transparent_background=&#8221;on&#8221; background_color=&#8221;#ffffff&#8221; allow_player_pause=&#8221;off&#8221; inner_shadow=&#8221;off&#8221; parallax=&#8221;off&#8221; parallax_method=&#8221;off&#8221; padding_mobile=&#8221;off&#8221; make_fullwidth=&#8221;off&#8221; use_custom_width=&#8221;off&#8221; width_unit=&#8221;on&#8221; make_equal=&#8221;off&#8221; use_custom_gutter=&#8221;off&#8221; module_class=&#8221;p_b_0&#8243;][et_pb_row admin_label=&#8221;Riga&#8221; make_fullwidth=&#8221;off&#8221; use_custom_width=&#8221;off&#8221; width_unit=&#8221;on&#8221; use_custom_gutter=&#8221;off&#8221; padding_mobile=&#8221;off&#8221; module_class=&#8221;colored-border column-slider column-slider-noimage&#8221; allow_player_pause=&#8221;off&#8221; parallax=&#8221;off&#8221; parallax_method=&#8221;off&#8221; make_equal=&#8221;off&#8221; parallax_1=&#8221;off&#8221; parallax_method_1=&#8221;off&#8221; column_padding_mobile=&#8221;on&#8221; parallax_2=&#8221;off&#8221; parallax_method_2=&#8221;off&#8221;][et_pb_column type=&#8221;4_4&#8243;][et_pb_testimonial admin_label=&#8221;Testimonial&#8221; author=&#8221;Paolo Basilico,&#8221; job_title=&#8221;Presidente e Amministratore Delegato Kairos&#8221; url_new_window=&#8221;off&#8221; quote_icon=&#8221;off&#8221; use_background_color=&#8221;off&#8221; background_color=&#8221;#f5f5f5&#8243; background_layout=&#8221;light&#8221; text_orientation=&#8221;left&#8221; portrait_width=&#8221;200&#8243; portrait_height=&#8221;200&#8243; use_border_color=&#8221;off&#8221; border_color=&#8221;#ffffff&#8221; border_style=&#8221;solid&#8221;] [&hellip;]\" \/>\n<meta property=\"og:url\" content=\"https:\/\/case.mailander.it\/en\/crossmedia\/content-providing\/\" \/>\n<meta property=\"og:site_name\" content=\"Mailander\" \/>\n<meta property=\"article:modified_time\" content=\"2017-05-30T07:58:19+00:00\" \/>\n<meta name=\"twitter:card\" content=\"summary\" \/>\n<meta name=\"twitter:label1\" content=\"Est. reading time\" \/>\n\t<meta name=\"twitter:data1\" content=\"8 minutes\" \/>\n<script type=\"application\/ld+json\" class=\"yoast-schema-graph\">{\"@context\":\"https:\/\/schema.org\",\"@graph\":[{\"@type\":\"WebSite\",\"@id\":\"https:\/\/case.mailander.it\/#website\",\"url\":\"https:\/\/case.mailander.it\/\",\"name\":\"Mailander\",\"description\":\"Shaping Communication\",\"potentialAction\":[{\"@type\":\"SearchAction\",\"target\":{\"@type\":\"EntryPoint\",\"urlTemplate\":\"https:\/\/case.mailander.it\/?s={search_term_string}\"},\"query-input\":\"required name=search_term_string\"}],\"inLanguage\":\"en-US\"},{\"@type\":\"WebPage\",\"@id\":\"https:\/\/case.mailander.it\/en\/crossmedia\/content-providing\/#webpage\",\"url\":\"https:\/\/case.mailander.it\/en\/crossmedia\/content-providing\/\",\"name\":\"Content Providing - Mailander\",\"isPartOf\":{\"@id\":\"https:\/\/case.mailander.it\/#website\"},\"datePublished\":\"2017-05-30T07:48:12+00:00\",\"dateModified\":\"2017-05-30T07:58:19+00:00\",\"breadcrumb\":{\"@id\":\"https:\/\/case.mailander.it\/en\/crossmedia\/content-providing\/#breadcrumb\"},\"inLanguage\":\"en-US\",\"potentialAction\":[{\"@type\":\"ReadAction\",\"target\":[\"https:\/\/case.mailander.it\/en\/crossmedia\/content-providing\/\"]}]},{\"@type\":\"BreadcrumbList\",\"@id\":\"https:\/\/case.mailander.it\/en\/crossmedia\/content-providing\/#breadcrumb\",\"itemListElement\":[{\"@type\":\"ListItem\",\"position\":1,\"name\":\"Home\",\"item\":\"https:\/\/case.mailander.it\/en\/\"},{\"@type\":\"ListItem\",\"position\":2,\"name\":\"Crossmedia\",\"item\":\"https:\/\/case.mailander.it\/en\/crossmedia\/\"},{\"@type\":\"ListItem\",\"position\":3,\"name\":\"Content Providing\"}]}]}<\/script>\n<!-- \/ Yoast SEO plugin. -->","yoast_head_json":{"title":"Content Providing - Mailander","robots":{"index":"noindex","follow":"follow","max-snippet":"max-snippet:-1","max-image-preview":"max-image-preview:large","max-video-preview":"max-video-preview:-1"},"og_locale":"en_US","og_type":"article","og_title":"Content Providing - Mailander","og_description":"[et_pb_section admin_label=&#8221;Sezione&#8221; fullwidth=&#8221;off&#8221; specialty=&#8221;off&#8221; transparent_background=&#8221;on&#8221; background_color=&#8221;#ffffff&#8221; allow_player_pause=&#8221;off&#8221; inner_shadow=&#8221;off&#8221; parallax=&#8221;off&#8221; parallax_method=&#8221;off&#8221; padding_mobile=&#8221;off&#8221; make_fullwidth=&#8221;off&#8221; use_custom_width=&#8221;off&#8221; width_unit=&#8221;on&#8221; make_equal=&#8221;off&#8221; use_custom_gutter=&#8221;off&#8221; module_class=&#8221;p_b_0&#8243;][et_pb_row admin_label=&#8221;Riga&#8221; make_fullwidth=&#8221;off&#8221; use_custom_width=&#8221;off&#8221; width_unit=&#8221;on&#8221; use_custom_gutter=&#8221;off&#8221; padding_mobile=&#8221;off&#8221; module_class=&#8221;colored-border column-slider column-slider-noimage&#8221; allow_player_pause=&#8221;off&#8221; parallax=&#8221;off&#8221; parallax_method=&#8221;off&#8221; make_equal=&#8221;off&#8221; parallax_1=&#8221;off&#8221; parallax_method_1=&#8221;off&#8221; column_padding_mobile=&#8221;on&#8221; parallax_2=&#8221;off&#8221; parallax_method_2=&#8221;off&#8221;][et_pb_column type=&#8221;4_4&#8243;][et_pb_testimonial admin_label=&#8221;Testimonial&#8221; author=&#8221;Paolo Basilico,&#8221; job_title=&#8221;Presidente e Amministratore Delegato Kairos&#8221; url_new_window=&#8221;off&#8221; quote_icon=&#8221;off&#8221; use_background_color=&#8221;off&#8221; background_color=&#8221;#f5f5f5&#8243; background_layout=&#8221;light&#8221; text_orientation=&#8221;left&#8221; portrait_width=&#8221;200&#8243; portrait_height=&#8221;200&#8243; use_border_color=&#8221;off&#8221; border_color=&#8221;#ffffff&#8221; border_style=&#8221;solid&#8221;] [&hellip;]","og_url":"https:\/\/case.mailander.it\/en\/crossmedia\/content-providing\/","og_site_name":"Mailander","article_modified_time":"2017-05-30T07:58:19+00:00","twitter_card":"summary","twitter_misc":{"Est. reading time":"8 minutes"},"schema":{"@context":"https:\/\/schema.org","@graph":[{"@type":"WebSite","@id":"https:\/\/case.mailander.it\/#website","url":"https:\/\/case.mailander.it\/","name":"Mailander","description":"Shaping Communication","potentialAction":[{"@type":"SearchAction","target":{"@type":"EntryPoint","urlTemplate":"https:\/\/case.mailander.it\/?s={search_term_string}"},"query-input":"required name=search_term_string"}],"inLanguage":"en-US"},{"@type":"WebPage","@id":"https:\/\/case.mailander.it\/en\/crossmedia\/content-providing\/#webpage","url":"https:\/\/case.mailander.it\/en\/crossmedia\/content-providing\/","name":"Content Providing - Mailander","isPartOf":{"@id":"https:\/\/case.mailander.it\/#website"},"datePublished":"2017-05-30T07:48:12+00:00","dateModified":"2017-05-30T07:58:19+00:00","breadcrumb":{"@id":"https:\/\/case.mailander.it\/en\/crossmedia\/content-providing\/#breadcrumb"},"inLanguage":"en-US","potentialAction":[{"@type":"ReadAction","target":["https:\/\/case.mailander.it\/en\/crossmedia\/content-providing\/"]}]},{"@type":"BreadcrumbList","@id":"https:\/\/case.mailander.it\/en\/crossmedia\/content-providing\/#breadcrumb","itemListElement":[{"@type":"ListItem","position":1,"name":"Home","item":"https:\/\/case.mailander.it\/en\/"},{"@type":"ListItem","position":2,"name":"Crossmedia","item":"https:\/\/case.mailander.it\/en\/crossmedia\/"},{"@type":"ListItem","position":3,"name":"Content Providing"}]}]}},"_links":{"self":[{"href":"https:\/\/case.mailander.it\/en\/wp-json\/wp\/v2\/pages\/2545"}],"collection":[{"href":"https:\/\/case.mailander.it\/en\/wp-json\/wp\/v2\/pages"}],"about":[{"href":"https:\/\/case.mailander.it\/en\/wp-json\/wp\/v2\/types\/page"}],"author":[{"embeddable":true,"href":"https:\/\/case.mailander.it\/en\/wp-json\/wp\/v2\/users\/4"}],"replies":[{"embeddable":true,"href":"https:\/\/case.mailander.it\/en\/wp-json\/wp\/v2\/comments?post=2545"}],"version-history":[{"count":4,"href":"https:\/\/case.mailander.it\/en\/wp-json\/wp\/v2\/pages\/2545\/revisions"}],"predecessor-version":[{"id":2551,"href":"https:\/\/case.mailander.it\/en\/wp-json\/wp\/v2\/pages\/2545\/revisions\/2551"}],"up":[{"embeddable":true,"href":"https:\/\/case.mailander.it\/en\/wp-json\/wp\/v2\/pages\/1397"}],"wp:attachment":[{"href":"https:\/\/case.mailander.it\/en\/wp-json\/wp\/v2\/media?parent=2545"}],"curies":[{"name":"wp","href":"https:\/\/api.w.org\/{rel}","templated":true}]}}